{"id":67,"date":"2017-01-02T11:42:17","date_gmt":"2017-01-02T11:42:17","guid":{"rendered":"https:\/\/katjabucher.ch\/?page_id=67"},"modified":"2022-11-17T20:11:36","modified_gmt":"2022-11-17T20:11:36","slug":"deutsche-literaturwissenschaft","status":"publish","type":"page","link":"https:\/\/katjabucher.ch\/?page_id=67","title":{"rendered":"Deutsche Literaturwissenschaft"},"content":{"rendered":"<p>\u201e<strong>Man spricht nur von unangenehmen Dingen, sogar vom n\u00e4chsten Weltkrieg\u201c<\/strong><br \/>\nHistorische Ereignisse in Europa durchdringen den Orient in Annemarie Schwarzenbachs <em>Der Falkenk\u00e4fig: Novellen<\/em> (1934\/35)<br \/>\nMasterarbeit in deutscher Literaturwissenschaft<br \/>\nEntstanden: HS 2016-FS\u00a02018<\/p>\n<hr \/>\n<p><strong>Iteratives Erz\u00e4hlen und seine Br\u00fcchigkeit<br \/>\n<\/strong>Ein Vergleich der M\u00e4ren <em>Vom Pfarrer, der zu f\u00fcnfmaln starb<\/em> von Hans Rosenpl\u00fct und <em>Die drei M\u00f6nche zu Kolmar<\/em> von Niemand<strong><br \/>\n<\/strong>Entstanden: FS 2017<br \/>\n<a href=\"https:\/\/katjabucher.ch\/wp-content\/uploads\/2017\/01\/Essay-2.pdf\" target=\"_blank\" rel=\"noopener noreferrer\">Essay<\/a><\/p>\n<hr \/>\n<p><strong>\u201eStreiter f\u00fcr das Reich des Unvollendeten\u201c<\/strong><br \/>\nDer Umgang mit Identit\u00e4t und Alterit\u00e4t am Beispiel der Figur Henry Peters alias Gustav Selwin im Roman <em>Schutzgebiet<\/em> von Thomas von Steinaecker<br \/>\nEntstanden: HS 2016<br \/>\n<a href=\"https:\/\/katjabucher.ch\/wp-content\/uploads\/2017\/01\/Aufbaukursarbeit-1.pdf\" target=\"_blank\" rel=\"noopener noreferrer\">Aufbaukursarbeit<\/a><\/p>\n<hr \/>\n<p><strong>Verm\u00f6gen und Unverm\u00f6gen des \u201eDeutens\u201c<br \/>\n<\/strong>Eine Untersuchung der Binnenhandlungen in Bezug auf ihre Rahmenhandlungen in <em>Des K\u00f6nigs Schandtat und Lucretias Selbstmord: Tarquinius<\/em> und <em>Ein Baiernherzog trotzt Rom: Severus und Adelger<br \/>\n<\/em>Entstanden: HS 2016<em><br \/>\n<\/em><a href=\"https:\/\/katjabucher.ch\/wp-content\/uploads\/2017\/01\/Essay.pdf\" target=\"_blank\" rel=\"noopener noreferrer\">Essay<\/a><\/p>\n<hr \/>\n<p><strong>Zwischen Bild und Schrift<br \/>\n<\/strong>Die\u00a0<em>Runen-Fahnen<\/em>\u00a0Otto Nebels und ihre Einordnung in die Vorlesungsreihe\u00a0<em>Avantgarden im Archiv<br \/>\n<\/em>Entstanden: FS 2016<br \/>\n<a href=\"https:\/\/katjabucher.ch\/wp-content\/uploads\/2017\/01\/Essay-3.pdf\" target=\"_blank\" rel=\"noopener noreferrer\">Essay<\/a><\/p>\n<hr \/>\n<p><strong>M\u00e4nnlichkeit und Ehre, Kontrahenten der Liebe? <\/strong><br \/>\nEine Analyse des Beziehungsverh\u00e4ltnisses der Figuren Minna von Barnhelm und Major von Tellheim in Lessings Lustspiel Minna von Barnhelm oder das Soldatengl\u00fcck<br \/>\nEntstanden: FS 2016<br \/>\n<a href=\"https:\/\/katjabucher.ch\/wp-content\/uploads\/2017\/01\/Aufbaukursarbeit.pdf\" target=\"_blank\" rel=\"noopener noreferrer\">Aufbaukursarbeit<\/a><\/p>\n<hr \/>\n<p><strong>Die Trag\u00f6dientheorien Schillers und Goethes im Vergleich<\/strong><br \/>\nEin Analyseversuch am Bespiel des Dramas Maria Stuart<br \/>\nEntstanden: HS 2015<br \/>\n<a href=\"https:\/\/katjabucher.ch\/wp-content\/uploads\/2017\/01\/Die-Trag%C3%B6dientheorien-Schillers-und-Goethes-im-Vergleich.pdf\" target=\"_blank\" rel=\"noopener noreferrer\">Essay<\/a><\/p>\n<hr \/>\n<p><strong>Das Spannungsfeld der Grossmutter-Enkel-Beziehung<br \/>\n<\/strong>Eine Perspektivenanalyse der Grossmutterfigur in Jeremias Gotthelfs Romanen <em>Der Bauernspiegel<\/em>, <em>Leiden und Freuden eines Schulmeisters<\/em> und <em>Anne B\u00e4bi Jow\u00e4ger<\/em><br \/>\nEntstanden: HS 2015<br \/>\n<a href=\"https:\/\/katjabucher.ch\/wp-content\/uploads\/2017\/01\/Bachelorarbeit-Jeremias-Gotthelf.pdf\" target=\"_blank\" rel=\"noopener noreferrer\">Bachelorarbeit<\/a><\/p>\n<hr \/>\n<p><strong>Wenn Rache lebt und Sanftmut stirbt<\/strong><br \/>\nEine Gegen\u00fcberstellung der Frauenrolle in Therese Hubers<br \/>\n<em>Die Familie Seldorf <\/em>und Euripides<em> Medea<\/em><br \/>\nEntstanden: FS 2015<br \/>\n<a href=\"https:\/\/katjabucher.ch\/wp-content\/uploads\/2017\/01\/Basiskursarbeit.-Wenn-Rache-lebt-und-Sanftmut-stirbt.pdf\" target=\"_blank\" rel=\"noopener noreferrer\">Basiskursarbeit<\/a><\/p>\n","protected":false},"excerpt":{"rendered":"<p>\u201eMan spricht nur von unangenehmen Dingen, sogar vom n\u00e4chsten Weltkrieg\u201c Historische Ereignisse in Europa durchdringen den Orient in Annemarie Schwarzenbachs Der Falkenk\u00e4fig: Novellen (1934\/35) Masterarbeit in deutscher Literaturwissenschaft Entstanden: HS 2016-FS\u00a02018 Iteratives Erz\u00e4hlen und seine Br\u00fcchigkeit Ein Vergleich der M\u00e4ren Vom Pfarrer, der zu f\u00fcnfmaln starb von Hans Rosenpl\u00fct und Die drei M\u00f6nche zu Kolmar [&hellip;]<\/p>\n","protected":false},"author":4,"featured_media":0,"parent":64,"menu_order":0,"comment_status":"closed","ping_status":"closed","template":"","meta":{"footnotes":""},"class_list":["post-67","page","type-page","status-publish","hentry"],"aioseo_notices":[],"_links":{"self":[{"href":"https:\/\/katjabucher.ch\/index.php?rest_route=\/wp\/v2\/pages\/67","targetHints":{"allow":["GET"]}}],"collection":[{"href":"https:\/\/katjabucher.ch\/index.php?rest_route=\/wp\/v2\/pages"}],"about":[{"href":"https:\/\/katjabucher.ch\/index.php?rest_route=\/wp\/v2\/types\/page"}],"author":[{"embeddable":true,"href":"https:\/\/katjabucher.ch\/index.php?rest_route=\/wp\/v2\/users\/4"}],"replies":[{"embeddable":true,"href":"https:\/\/katjabucher.ch\/index.php?rest_route=%2Fwp%2Fv2%2Fcomments&post=67"}],"version-history":[{"count":23,"href":"https:\/\/katjabucher.ch\/index.php?rest_route=\/wp\/v2\/pages\/67\/revisions"}],"predecessor-version":[{"id":214,"href":"https:\/\/katjabucher.ch\/index.php?rest_route=\/wp\/v2\/pages\/67\/revisions\/214"}],"up":[{"embeddable":true,"href":"https:\/\/katjabucher.ch\/index.php?rest_route=\/wp\/v2\/pages\/64"}],"wp:attachment":[{"href":"https:\/\/katjabucher.ch\/index.php?rest_route=%2Fwp%2Fv2%2Fmedia&parent=67"}],"curies":[{"name":"wp","href":"https:\/\/api.w.org\/{rel}","templated":true}]}}